{"id":280,"date":"2024-01-04T10:24:45","date_gmt":"2024-01-04T10:24:45","guid":{"rendered":"https:\/\/www.schrift-creativ.de\/?page_id=280"},"modified":"2024-01-04T10:25:03","modified_gmt":"2024-01-04T10:25:03","slug":"280-2","status":"publish","type":"page","link":"https:\/\/www.schrift-creativ.de\/?page_id=280","title":{"rendered":"Datenschutz"},"content":{"rendered":"\n[et_pb_section fb_built=&#8220;1&#8243; theme_builder_area=&#8220;post_content&#8220; _builder_version=&#8220;4.23.4&#8243; _module_preset=&#8220;default&#8220;][et_pb_row _builder_version=&#8220;4.23.4&#8243; _module_preset=&#8220;default&#8220; theme_builder_area=&#8220;post_content&#8220;][et_pb_column _builder_version=&#8220;4.23.4&#8243; _module_preset=&#8220;default&#8220; type=&#8220;4_4&#8243; theme_builder_area=&#8220;post_content&#8220;][et_pb_text _builder_version=&#8220;4.23.4&#8243; _module_preset=&#8220;default&#8220; theme_builder_area=&#8220;post_content&#8220; hover_enabled=&#8220;0&#8243; sticky_enabled=&#8220;0&#8243;]<table width=\"980\" border=\"0\" align=\"center\" cellpadding=\"0\" cellspacing=\"0\">\n<tbody>\n<tr>\n<td>\n<p class=\"Stil2\"><strong>Datenschutzerkl\u00e4rung<\/strong><\/p>\n<p>Wir legen gr\u00f6\u00dften Wert auf den Schutz Ihrer Daten und die Wahrung Ihrer Privatsph\u00e4re. Nachstehend informieren wir Sie deshalb \u00fcber die Erhebung und Verwendung pers\u00f6nlicher Daten bei Nutzung unserer Webseite.<\/p>\n<p><strong>Anonyme Datenerhebung<\/strong><br \/>Sie k\u00f6nnen unsere Webseiten besuchen, ohne Angaben zu Ihrer Person zu machen. Wir speichern in diesem Zusammenhang keinerlei pers\u00f6nliche Daten. Um unser Angebot zu verbessern, werten wir lediglich statistische Daten aus, die keinen R\u00fcckschluss auf Ihre Person erlauben.<\/p>\n<p><strong>Erhebung, Verarbeitung und Nutzung personenbezogener Daten<\/strong><br \/>Wir erheben personenbezogene Daten (Einzelangaben \u00fcber pers\u00f6nliche oder sachliche Verh\u00e4ltnisse einer bestimmten oder bestimmbaren nat\u00fcrlichen Person) nur in dem von Ihnen zur Verf\u00fcgung gestellten Umfang.<br \/>Die Verarbeitung und Nutzung Ihrer personenbezogenen Daten erfolgt zur Erf\u00fcllung und Abwicklung Ihrer Bestellung sowie zur Bearbeitung Ihrer Anfragen. Nach vollst\u00e4ndiger Vertragsabwicklung werden alle personenbezogenen Daten zun\u00e4chst unter Ber\u00fccksichtigung steuer- und handelsrechtlicher Aufbewahrungsfristen gespeichert und dann nach Fristablauf gel\u00f6scht, sofern Sie der weitergehenden Verarbeitung und Nutzung nicht zugestimmt haben.<\/p>\n<p><strong>Weitergabe personenbezogener Daten<\/strong><br \/>Eine Weitergabe Ihrer Daten an Dritte ohne Ihre ausdr\u00fcckliche Einwilligung erfolgt nicht. Ausgenommen hiervon sind lediglich unsere Dienstleistungspartner, die wir zur Abwicklung des Vertragsverh\u00e4ltnisses ben\u00f6tigen. In diesen F\u00e4llen beachten wir strikt die Vorgaben des Bundesdatenschutzgesetzes. Der Umfang der Daten\u00fcbermittlung beschr\u00e4nkt sich auf ein Mindestma\u00df.<\/p>\n<p><strong>Cookies<\/strong><br \/>Unsere Internetseiten verwenden an mehreren Stellen so genannte Cookies. Cookies sind kleine Textdateien, die auf Ihrem Rechner abgelegt werden und die Ihr Browser speichert. Sie dienen dazu, unser Angebot nutzerfreundlicher, effektiver und sicherer zu machen. Des Weiteren erm\u00f6glichen Cookies unseren Systemen, Ihren Browser zu erkennen und Ihnen Services anzubieten. Cookies enthalten keine personenbezogenen Daten.<\/p>\n<p><strong>Auskunft, Berichtigung, Sperrung und L\u00f6schung von Daten<\/strong><br \/>Sie haben jederzeit das Recht auf unentgeltliche Auskunft \u00fcber Ihre gespeicherten Daten sowie das Recht auf Berichtigung, L\u00f6schung bzw. Sperrung. Kontaktieren Sie uns auf Wunsch. Die Kontaktdaten finden Sie in unserem Impressum.<\/p>\n<\/td>\n<\/tr>\n<\/tbody>\n<\/table>[\/et_pb_text][\/et_pb_column][\/et_pb_row][\/et_pb_section]\n","protected":false},"excerpt":{"rendered":"<p>Datenschutzerkl\u00e4rung Wir legen gr\u00f6\u00dften Wert auf den Schutz Ihrer Daten und die Wahrung Ihrer Privatsph\u00e4re. Nachstehend informieren wir Sie deshalb \u00fcber die Erhebung und Verwendung pers\u00f6nlicher Daten bei Nutzung unserer Webseite. Anonyme DatenerhebungSie k\u00f6nnen unsere Webseiten besuchen, ohne Angaben zu Ihrer Person zu machen. Wir speichern in diesem Zusammenhang keinerlei pers\u00f6nliche Daten. Um unser Angebot [&hellip;]<\/p>\n","protected":false},"author":1,"featured_media":0,"parent":0,"menu_order":0,"comment_status":"closed","ping_status":"closed","template":"","meta":{"_et_pb_use_builder":"on","_et_pb_old_content":"","_et_gb_content_width":"","footnotes":""},"class_list":["post-280","page","type-page","status-publish","hentry"],"yoast_head":"<!-- This site is optimized with the Yoast SEO plugin v26.2 - https:\/\/yoast.com\/wordpress\/plugins\/seo\/ -->\n<title>Datenschutz - Schrift Creativ<\/title>\n<meta name=\"robots\" content=\"index, follow, max-snippet:-1, max-image-preview:large, max-video-preview:-1\" \/>\n<link rel=\"canonical\" href=\"https:\/\/www.schrift-creativ.de\/?page_id=280\" \/>\n<meta property=\"og:locale\" content=\"de_DE\" \/>\n<meta property=\"og:type\" content=\"article\" \/>\n<meta property=\"og:title\" content=\"Datenschutz - Schrift Creativ\" \/>\n<meta property=\"og:description\" content=\"Datenschutzerkl\u00e4rung Wir legen gr\u00f6\u00dften Wert auf den Schutz Ihrer Daten und die Wahrung Ihrer Privatsph\u00e4re. Nachstehend informieren wir Sie deshalb \u00fcber die Erhebung und Verwendung pers\u00f6nlicher Daten bei Nutzung unserer Webseite. Anonyme DatenerhebungSie k\u00f6nnen unsere Webseiten besuchen, ohne Angaben zu Ihrer Person zu machen. Wir speichern in diesem Zusammenhang keinerlei pers\u00f6nliche Daten. Um unser Angebot [&hellip;]\" \/>\n<meta property=\"og:url\" content=\"https:\/\/www.schrift-creativ.de\/?page_id=280\" \/>\n<meta property=\"og:site_name\" content=\"Schrift Creativ\" \/>\n<meta property=\"article:modified_time\" content=\"2024-01-04T10:25:03+00:00\" \/>\n<meta property=\"og:image\" content=\"https:\/\/www.schrift-creativ.de\/wp-content\/uploads\/2024\/01\/Titelbild.jpg\" \/>\n\t<meta property=\"og:image:width\" content=\"768\" \/>\n\t<meta property=\"og:image:height\" content=\"576\" \/>\n\t<meta property=\"og:image:type\" content=\"image\/jpeg\" \/>\n<meta name=\"twitter:card\" content=\"summary_large_image\" \/>\n<meta name=\"twitter:label1\" content=\"Gesch\u00e4tzte Lesezeit\" \/>\n\t<meta name=\"twitter:data1\" content=\"2\u00a0Minuten\" \/>\n<script type=\"application\/ld+json\" class=\"yoast-schema-graph\">{\"@context\":\"https:\/\/schema.org\",\"@graph\":[{\"@type\":\"WebPage\",\"@id\":\"https:\/\/www.schrift-creativ.de\/?page_id=280\",\"url\":\"https:\/\/www.schrift-creativ.de\/?page_id=280\",\"name\":\"Datenschutz - Schrift Creativ\",\"isPartOf\":{\"@id\":\"https:\/\/www.schrift-creativ.de\/#website\"},\"datePublished\":\"2024-01-04T10:24:45+00:00\",\"dateModified\":\"2024-01-04T10:25:03+00:00\",\"breadcrumb\":{\"@id\":\"https:\/\/www.schrift-creativ.de\/?page_id=280#breadcrumb\"},\"inLanguage\":\"de\",\"potentialAction\":[{\"@type\":\"ReadAction\",\"target\":[\"https:\/\/www.schrift-creativ.de\/?page_id=280\"]}]},{\"@type\":\"BreadcrumbList\",\"@id\":\"https:\/\/www.schrift-creativ.de\/?page_id=280#breadcrumb\",\"itemListElement\":[{\"@type\":\"ListItem\",\"position\":1,\"name\":\"Startseite\",\"item\":\"https:\/\/www.schrift-creativ.de\/\"},{\"@type\":\"ListItem\",\"position\":2,\"name\":\"Datenschutz\"}]},{\"@type\":\"WebSite\",\"@id\":\"https:\/\/www.schrift-creativ.de\/#website\",\"url\":\"https:\/\/www.schrift-creativ.de\/\",\"name\":\"Schrift Creativ\",\"description\":\"Werbetechnik Werbung Grafik Visualisierung Photografie Folienbschriftung Sichtschutz Schilder\",\"publisher\":{\"@id\":\"https:\/\/www.schrift-creativ.de\/#\/schema\/person\/db8b4c7a861595f8f2e452b6442caa41\"},\"alternateName\":\"Werbetechnik Werbung Grafik Visualisierung Photografie Folienbschriftung Sichtschutz Schilder\",\"potentialAction\":[{\"@type\":\"SearchAction\",\"target\":{\"@type\":\"EntryPoint\",\"urlTemplate\":\"https:\/\/www.schrift-creativ.de\/?s={search_term_string}\"},\"query-input\":{\"@type\":\"PropertyValueSpecification\",\"valueRequired\":true,\"valueName\":\"search_term_string\"}}],\"inLanguage\":\"de\"},{\"@type\":[\"Person\",\"Organization\"],\"@id\":\"https:\/\/www.schrift-creativ.de\/#\/schema\/person\/db8b4c7a861595f8f2e452b6442caa41\",\"name\":\"admin\",\"image\":{\"@type\":\"ImageObject\",\"inLanguage\":\"de\",\"@id\":\"https:\/\/www.schrift-creativ.de\/#\/schema\/person\/image\/\",\"url\":\"https:\/\/www.schrift-creativ.de\/wp-content\/uploads\/2024\/01\/Logo.jpg\",\"contentUrl\":\"https:\/\/www.schrift-creativ.de\/wp-content\/uploads\/2024\/01\/Logo.jpg\",\"width\":512,\"height\":120,\"caption\":\"admin\"},\"logo\":{\"@id\":\"https:\/\/www.schrift-creativ.de\/#\/schema\/person\/image\/\"},\"sameAs\":[\"https:\/\/www.schrift-creativ.de\"]}]}<\/script>\n<!-- \/ Yoast SEO plugin. -->","yoast_head_json":{"title":"Datenschutz - Schrift Creativ","robots":{"index":"index","follow":"follow","max-snippet":"max-snippet:-1","max-image-preview":"max-image-preview:large","max-video-preview":"max-video-preview:-1"},"canonical":"https:\/\/www.schrift-creativ.de\/?page_id=280","og_locale":"de_DE","og_type":"article","og_title":"Datenschutz - Schrift Creativ","og_description":"Datenschutzerkl\u00e4rung Wir legen gr\u00f6\u00dften Wert auf den Schutz Ihrer Daten und die Wahrung Ihrer Privatsph\u00e4re. Nachstehend informieren wir Sie deshalb \u00fcber die Erhebung und Verwendung pers\u00f6nlicher Daten bei Nutzung unserer Webseite. Anonyme DatenerhebungSie k\u00f6nnen unsere Webseiten besuchen, ohne Angaben zu Ihrer Person zu machen. Wir speichern in diesem Zusammenhang keinerlei pers\u00f6nliche Daten. Um unser Angebot [&hellip;]","og_url":"https:\/\/www.schrift-creativ.de\/?page_id=280","og_site_name":"Schrift Creativ","article_modified_time":"2024-01-04T10:25:03+00:00","og_image":[{"width":768,"height":576,"url":"https:\/\/www.schrift-creativ.de\/wp-content\/uploads\/2024\/01\/Titelbild.jpg","type":"image\/jpeg"}],"twitter_card":"summary_large_image","twitter_misc":{"Gesch\u00e4tzte Lesezeit":"2\u00a0Minuten"},"schema":{"@context":"https:\/\/schema.org","@graph":[{"@type":"WebPage","@id":"https:\/\/www.schrift-creativ.de\/?page_id=280","url":"https:\/\/www.schrift-creativ.de\/?page_id=280","name":"Datenschutz - Schrift Creativ","isPartOf":{"@id":"https:\/\/www.schrift-creativ.de\/#website"},"datePublished":"2024-01-04T10:24:45+00:00","dateModified":"2024-01-04T10:25:03+00:00","breadcrumb":{"@id":"https:\/\/www.schrift-creativ.de\/?page_id=280#breadcrumb"},"inLanguage":"de","potentialAction":[{"@type":"ReadAction","target":["https:\/\/www.schrift-creativ.de\/?page_id=280"]}]},{"@type":"BreadcrumbList","@id":"https:\/\/www.schrift-creativ.de\/?page_id=280#breadcrumb","itemListElement":[{"@type":"ListItem","position":1,"name":"Startseite","item":"https:\/\/www.schrift-creativ.de\/"},{"@type":"ListItem","position":2,"name":"Datenschutz"}]},{"@type":"WebSite","@id":"https:\/\/www.schrift-creativ.de\/#website","url":"https:\/\/www.schrift-creativ.de\/","name":"Schrift Creativ","description":"Werbetechnik Werbung Grafik Visualisierung Photografie Folienbschriftung Sichtschutz Schilder","publisher":{"@id":"https:\/\/www.schrift-creativ.de\/#\/schema\/person\/db8b4c7a861595f8f2e452b6442caa41"},"alternateName":"Werbetechnik Werbung Grafik Visualisierung Photografie Folienbschriftung Sichtschutz Schilder","potentialAction":[{"@type":"SearchAction","target":{"@type":"EntryPoint","urlTemplate":"https:\/\/www.schrift-creativ.de\/?s={search_term_string}"},"query-input":{"@type":"PropertyValueSpecification","valueRequired":true,"valueName":"search_term_string"}}],"inLanguage":"de"},{"@type":["Person","Organization"],"@id":"https:\/\/www.schrift-creativ.de\/#\/schema\/person\/db8b4c7a861595f8f2e452b6442caa41","name":"admin","image":{"@type":"ImageObject","inLanguage":"de","@id":"https:\/\/www.schrift-creativ.de\/#\/schema\/person\/image\/","url":"https:\/\/www.schrift-creativ.de\/wp-content\/uploads\/2024\/01\/Logo.jpg","contentUrl":"https:\/\/www.schrift-creativ.de\/wp-content\/uploads\/2024\/01\/Logo.jpg","width":512,"height":120,"caption":"admin"},"logo":{"@id":"https:\/\/www.schrift-creativ.de\/#\/schema\/person\/image\/"},"sameAs":["https:\/\/www.schrift-creativ.de"]}]}},"_links":{"self":[{"href":"https:\/\/www.schrift-creativ.de\/index.php?rest_route=\/wp\/v2\/pages\/280","targetHints":{"allow":["GET"]}}],"collection":[{"href":"https:\/\/www.schrift-creativ.de\/index.php?rest_route=\/wp\/v2\/pages"}],"about":[{"href":"https:\/\/www.schrift-creativ.de\/index.php?rest_route=\/wp\/v2\/types\/page"}],"author":[{"embeddable":true,"href":"https:\/\/www.schrift-creativ.de\/index.php?rest_route=\/wp\/v2\/users\/1"}],"replies":[{"embeddable":true,"href":"https:\/\/www.schrift-creativ.de\/index.php?rest_route=%2Fwp%2Fv2%2Fcomments&post=280"}],"version-history":[{"count":3,"href":"https:\/\/www.schrift-creativ.de\/index.php?rest_route=\/wp\/v2\/pages\/280\/revisions"}],"predecessor-version":[{"id":283,"href":"https:\/\/www.schrift-creativ.de\/index.php?rest_route=\/wp\/v2\/pages\/280\/revisions\/283"}],"wp:attachment":[{"href":"https:\/\/www.schrift-creativ.de\/index.php?rest_route=%2Fwp%2Fv2%2Fmedia&parent=280"}],"curies":[{"name":"wp","href":"https:\/\/api.w.org\/{rel}","templated":true}]}}